{"id":76,"date":"2016-05-03T15:27:38","date_gmt":"2016-05-03T13:27:38","guid":{"rendered":"http:\/\/neu.heckhausen-der-ruhestandsplaner.de\/?page_id=76"},"modified":"2019-06-06T14:10:04","modified_gmt":"2019-06-06T12:10:04","slug":"kontakt","status":"publish","type":"page","link":"https:\/\/www.heckhausen-der-ruhestandsplaner.de\/?page_id=76","title":{"rendered":"Kontakt"},"content":{"rendered":"<p>Hier k\u00f6nnen Sie uns eine Nachricht zukommen lassen:<\/p>\n<p><a href=\"https:\/\/www.heckhausen-der-ruhestandsplaner.de\/wp-content\/uploads\/2018\/05\/Datenschutzerkl\u00e4rung-Webseite_Heckhausen.pdf\">Mit Absenden dieses Kontaktformulars erkennen Sie unsere Datenschutzerkl\u00e4rung an<\/a><\/p>\n\n<div class=\"wpcf7 no-js\" id=\"wpcf7-f4-o1\" lang=\"de-DE\" dir=\"ltr\" data-wpcf7-id=\"4\">\n<div class=\"screen-reader-response\"><p role=\"status\" aria-live=\"polite\" aria-atomic=\"true\"><\/p> <ul><\/ul><\/div>\n<form action=\"\/index.php?rest_route=%2Fwp%2Fv2%2Fpages%2F76#wpcf7-f4-o1\" method=\"post\" class=\"wpcf7-form init\" aria-label=\"Kontaktformular\" novalidate=\"novalidate\" data-status=\"init\">\n<fieldset class=\"hidden-fields-container\"><input type=\"hidden\" name=\"_wpcf7\" value=\"4\" \/><input type=\"hidden\" name=\"_wpcf7_version\" value=\"6.1.5\" \/><input type=\"hidden\" name=\"_wpcf7_locale\" value=\"de_DE\" \/><input type=\"hidden\" name=\"_wpcf7_unit_tag\" value=\"wpcf7-f4-o1\" \/><input type=\"hidden\" name=\"_wpcf7_container_post\" value=\"0\" \/><input type=\"hidden\" name=\"_wpcf7_posted_data_hash\" value=\"\" \/>\n<\/fieldset>\n<p>Ihr Name (Pflichtfeld)\n<\/p>\n<p><span class=\"wpcf7-form-control-wrap\" data-name=\"your-name\"><input size=\"40\" maxlength=\"400\" class=\"wpcf7-form-control wpcf7-text wpcf7-validates-as-required\" aria-required=\"true\" aria-invalid=\"false\" value=\"\" type=\"text\" name=\"your-name\" \/><\/span>\n<\/p>\n<p>Ihre E-Mail-Adresse (Pflichtfeld)\n<\/p>\n<p><span class=\"wpcf7-form-control-wrap\" data-name=\"your-email\"><input size=\"40\" maxlength=\"400\" class=\"wpcf7-form-control wpcf7-email wpcf7-validates-as-required wpcf7-text wpcf7-validates-as-email\" aria-required=\"true\" aria-invalid=\"false\" value=\"\" type=\"email\" name=\"your-email\" \/><\/span>\n<\/p>\n<p>Betreff\n<\/p>\n<p><span class=\"wpcf7-form-control-wrap\" data-name=\"your-subject\"><input size=\"40\" maxlength=\"400\" class=\"wpcf7-form-control wpcf7-text\" aria-invalid=\"false\" value=\"\" type=\"text\" name=\"your-subject\" \/><\/span>\n<\/p>\n<p>Ihre Nachricht\n<\/p>\n<p><span class=\"wpcf7-form-control-wrap\" data-name=\"your-message\"><textarea cols=\"40\" rows=\"10\" maxlength=\"2000\" class=\"wpcf7-form-control wpcf7-textarea\" aria-invalid=\"false\" name=\"your-message\"><\/textarea><\/span>\n<\/p>\n<p><input class=\"wpcf7-form-control wpcf7-submit has-spinner\" type=\"submit\" value=\"Senden\" \/>\n<\/p><div class=\"wpcf7-response-output\" aria-hidden=\"true\"><\/div>\n<\/form>\n<\/div>\n\n<p class=\"bodytext\">Hans-Josef Heckhausen<br \/>\nFachberater f\u00fcr Finanzdienstleistung (IHK)<br \/>\nReuschenberger Stra\u00dfe 11<br \/>\n41472 Neuss<\/p>\n<p>Telefon: 02131 \/ 29 46 406<br \/>\nFax: 02131\/40 30 955<br \/>\nE-Mail:<span class=\"Apple-converted-space\">\u00a0<\/span><a href=\"mailto:info@finanzen-heckhausen.de\">info@finanzen-heckhausen.de<\/a><span class=\"Apple-converted-space\">\u00a0<\/span>,<span class=\"Apple-converted-space\">\u00a0<\/span><a class=\"mail\" href=\"mailto:info@heckhausen-der-ruhestandsplaner.de\">info@heckhausen-der-ruhestandsplaner.de<br \/>\n<\/a>Web:\u00a0<a href=\"http:\/\/www.finanzen-heckhausen.de\/\" target=\"_blank\" rel=\"noopener noreferrer\">www.finanzen-heckhausen.de<\/a>\u00a0,<span class=\"Apple-converted-space\">\u00a0<\/span><a href=\"https:\/\/www.heckhausen-der-ruhestandsplaner.de\/\" target=\"_blank\" rel=\"noopener noreferrer\">www.heckhausen-der-ruhestandsplaner.de<\/a><\/p>\n","protected":false},"excerpt":{"rendered":"<p>Hier k\u00f6nnen Sie uns eine Nachricht zukommen lassen: Mit Absenden dieses Kontaktformulars erkennen Sie unsere Datenschutzerkl\u00e4rung an Hans-Josef Heckhausen Fachberater f\u00fcr Finanzdienstleistung (IHK) Reuschenberger Stra\u00dfe 11 41472 Neuss Telefon: 02131 \/ 29 46 406 Fax: 02131\/40 30 955 E-Mail:\u00a0info@finanzen-heckhausen.de\u00a0,\u00a0info@heckhausen-der-ruhestandsplaner.de Web:\u00a0www.finanzen-heckhausen.de\u00a0,\u00a0www.heckhausen-der-ruhestandsplaner.de<\/p>\n","protected":false},"author":1,"featured_media":0,"parent":0,"menu_order":0,"comment_status":"closed","ping_status":"closed","template":"","meta":{"footnotes":""},"class_list":["post-76","page","type-page","status-publish"],"_links":{"self":[{"href":"https:\/\/www.heckhausen-der-ruhestandsplaner.de\/index.php?rest_route=\/wp\/v2\/pages\/76","targetHints":{"allow":["GET"]}}],"collection":[{"href":"https:\/\/www.heckhausen-der-ruhestandsplaner.de\/index.php?rest_route=\/wp\/v2\/pages"}],"about":[{"href":"https:\/\/www.heckhausen-der-ruhestandsplaner.de\/index.php?rest_route=\/wp\/v2\/types\/page"}],"author":[{"embeddable":true,"href":"https:\/\/www.heckhausen-der-ruhestandsplaner.de\/index.php?rest_route=\/wp\/v2\/users\/1"}],"replies":[{"embeddable":true,"href":"https:\/\/www.heckhausen-der-ruhestandsplaner.de\/index.php?rest_route=%2Fwp%2Fv2%2Fcomments&post=76"}],"version-history":[{"count":4,"href":"https:\/\/www.heckhausen-der-ruhestandsplaner.de\/index.php?rest_route=\/wp\/v2\/pages\/76\/revisions"}],"predecessor-version":[{"id":103,"href":"https:\/\/www.heckhausen-der-ruhestandsplaner.de\/index.php?rest_route=\/wp\/v2\/pages\/76\/revisions\/103"}],"wp:attachment":[{"href":"https:\/\/www.heckhausen-der-ruhestandsplaner.de\/index.php?rest_route=%2Fwp%2Fv2%2Fmedia&parent=76"}],"curies":[{"name":"wp","href":"https:\/\/api.w.org\/{rel}","templated":true}]}}