{"id":69,"date":"2016-05-03T15:22:48","date_gmt":"2016-05-03T13:22:48","guid":{"rendered":"http:\/\/neu.heckhausen-der-ruhestandsplaner.de\/?page_id=69"},"modified":"2019-06-06T14:09:11","modified_gmt":"2019-06-06T12:09:11","slug":"impressum","status":"publish","type":"page","link":"https:\/\/www.heckhausen-der-ruhestandsplaner.de\/?page_id=69","title":{"rendered":"Impressum"},"content":{"rendered":"<p class=\"bodytext\"><span style=\"font-family: Arial,sans-serif;\">Verantwortlich:<br \/>\nHans-Josef Heckhausen\u00a0\u00a0\u00a0\u00a0\u00a0\u00a0\u00a0<\/span><\/p>\n<p class=\"bodytext\"><span style=\"font-family: Arial,sans-serif;\">Name und Anschrift:<br \/>\nHans-Josef Heckhausen<br \/>\nFachberater f\u00fcr Finanzdienstleistung (IHK)<br \/>\nReuschenberger Stra\u00dfe 11<br \/>\n41472 Neuss<\/span><\/p>\n<p>Telefon: 02131 &#8211; 29 46 406<br \/>\nFax: 02131\/40 30 955<br \/>\nE-Mail:<span class=\"Apple-converted-space\">\u00a0<\/span><a href=\"mailto:info@finanzen-heckhausen.de\"><span style=\"font-family: Arial,sans-serif;\">info@finanzen-heckhausen.de<\/span><\/a><span style=\"font-family: Arial,sans-serif;\"><span class=\"Apple-converted-space\">\u00a0<\/span>,<span class=\"Apple-converted-space\">\u00a0<\/span><\/span><a class=\"mail\" href=\"mailto:info@heckhausen-der-ruhestandsplaner.de\"><span style=\"font-family: Arial,sans-serif;\">info@heckhausen-der-ruhestandsplaner.de<br \/>\n<\/span><\/a><span style=\"font-family: Arial,sans-serif;\">Web:\u00a0<\/span><a href=\"http:\/\/www.finanzen-heckhausen.de\/\" target=\"_blank\" rel=\"noopener noreferrer\"><span style=\"font-family: Arial,sans-serif;\">www.finanzen-heckhausen.de<\/span><\/a><span style=\"font-family: Arial,sans-serif;\">\u00a0,<span class=\"Apple-converted-space\">\u00a0<\/span><\/span><a href=\"https:\/\/www.heckhausen-der-ruhestandsplaner.de\/\" target=\"_blank\" rel=\"noopener noreferrer\"><span style=\"font-family: Arial,sans-serif;\">www.heckhausen-der-ruhestandsplaner.de<\/span><\/a><\/p>\n<p class=\"bodytext\"><span style=\"font-family: Arial,sans-serif;\">Informationspflicht nach \u00a742b VVG und \u00a7 5 VersVermVO:<\/span><\/p>\n<p>Aufsichtsbeh\u00f6rde nach \u00a7 34c GewO: Rhein Kreis Neuss<br \/>\nAufsichtsbeh\u00f6rde nach \u00a7 34d GewO: Industrie- und Handelskammer Mittlerer Niederrhein<br \/>\nVersicherungsvermittler-Register: Industrie- u. Handelskammer (IHK) Nordwall 39, 47798 Krefeld Tel. 02131\/ 9265-525 www.Vermittlerregister.info<span class=\"Apple-converted-space\">\u00a0<\/span><br \/>\nRegister Nr. D-9QJE-YMH10-29<br \/>\nAufsichtsbeh\u00f6rde nach \u00a7 34f GewO: Industrie- und Handelskammer Mittlerer Niederrhein<br \/>\nVersicherungsvermittler-Register: Industrie- u. Handelskammer (IHK) Nordwall 39, 47798 Krefeld Tel. 02131\/ 9265-525 www.Vermittlerregister.info<span class=\"Apple-converted-space\">\u00a0<\/span><br \/>\nRegister Nr. D-F-137-HQQL-08<\/p>\n<p><span style=\"font-family: Arial,sans-serif;\"><b>Beschwerde und Abhilfeverfahren:<\/b><br \/>\nOmbudsmann f. Versicherungen Versicherungsombudsmann e. V.<br \/>\nPostfach 08 06 32, 10008 Berlin<br \/>\nTel. 01804-224424<br \/>\nFax 01804-224425<\/span><\/p>\n<p class=\"bodytext\"><span style=\"font-family: Arial,sans-serif;\">Ombudsmann privat Kranken- und Pflegeversicherung<br \/>\nKronenstr. 13, 10117 Berlin<br \/>\nTel. 01802-550444<br \/>\nFax 030-20458931<\/span><\/p>\n<p class=\"bodytext\"><span style=\"font-family: Arial,sans-serif;\">Bundesanstalt f\u00fcr Finanzdienstleistungsaufsicht (BAFin)<br \/>\nGraurheindorfer Stra\u00dfe 108, 53117 Bonn<\/span><\/p>\n<p class=\"bodytext\"><span style=\"font-family: Arial,sans-serif;\">\u00a7 Rechts- und Risikohinweis \u00a7<br \/>\nHans-Josef Heckhausen\u00a0pr\u00fcft und aktualisiert die Informationen auf den Web-Seiten fortlaufend. Trotz aller Sorgfalt k\u00f6nnen wir f\u00fcr die Richtigkeit, Vollst\u00e4ndigkeit und Aktualit\u00e4t der zur Verf\u00fcgung gestellten Informationen keine Haftung, Garantie oder Gew\u00e4hr \u00fcbernehmen. Gleiches gilt auch f\u00fcr Web-Seiten, auf die mittels Hyperlink verwiesen wird.\u00a0Hans-Josef Heckhausen ist f\u00fcr den Inhalt dieser Web-Seiten nicht verantwortlich und hat keinerlei Einfluss auf deren Gestaltung.<br \/>\nHans-Josef Heckhausen beh\u00e4lt sich das Recht vor, \u00c4nderungen und Erg\u00e4nzungen der bereitgestellten Informationen vorzunehmen.<span class=\"Apple-converted-space\">\u00a0<\/span><br \/>\nDie Vervielf\u00e4ltigung oder auszugsweise Weitergabe der zur Verf\u00fcgung gestellten Informationen ist nur mit ausdr\u00fccklicher, schriftlicher Genehmigung von\u00a0Hans-Josef Heckhausen erlaubt.<span class=\"Apple-converted-space\">\u00a0<\/span><\/span><\/p>\n","protected":false},"excerpt":{"rendered":"<p>Verantwortlich: Hans-Josef Heckhausen\u00a0\u00a0\u00a0\u00a0\u00a0\u00a0\u00a0 Name und Anschrift: Hans-Josef Heckhausen Fachberater f\u00fcr Finanzdienstleistung (IHK) Reuschenberger Stra\u00dfe 11 41472 Neuss Telefon: 02131 &#8211; 29 46 406 Fax: 02131\/40 30 955 E-Mail:\u00a0info@finanzen-heckhausen.de\u00a0,\u00a0info@heckhausen-der-ruhestandsplaner.de Web:\u00a0www.finanzen-heckhausen.de\u00a0,\u00a0www.heckhausen-der-ruhestandsplaner.de Informationspflicht nach \u00a742b VVG und \u00a7 5 VersVermVO: Aufsichtsbeh\u00f6rde nach \u00a7 34c GewO: Rhein Kreis Neuss Aufsichtsbeh\u00f6rde nach \u00a7 34d GewO: Industrie- und Handelskammer Mittlerer Niederrhein &#8230; <a title=\"Impressum\" class=\"read-more\" href=\"https:\/\/www.heckhausen-der-ruhestandsplaner.de\/?page_id=69\" aria-label=\"Mehr Informationen \u00fcber Impressum\">Weiterlesen<\/a><\/p>\n","protected":false},"author":1,"featured_media":0,"parent":0,"menu_order":0,"comment_status":"closed","ping_status":"closed","template":"","meta":{"footnotes":""},"class_list":["post-69","page","type-page","status-publish"],"_links":{"self":[{"href":"https:\/\/www.heckhausen-der-ruhestandsplaner.de\/index.php?rest_route=\/wp\/v2\/pages\/69","targetHints":{"allow":["GET"]}}],"collection":[{"href":"https:\/\/www.heckhausen-der-ruhestandsplaner.de\/index.php?rest_route=\/wp\/v2\/pages"}],"about":[{"href":"https:\/\/www.heckhausen-der-ruhestandsplaner.de\/index.php?rest_route=\/wp\/v2\/types\/page"}],"author":[{"embeddable":true,"href":"https:\/\/www.heckhausen-der-ruhestandsplaner.de\/index.php?rest_route=\/wp\/v2\/users\/1"}],"replies":[{"embeddable":true,"href":"https:\/\/www.heckhausen-der-ruhestandsplaner.de\/index.php?rest_route=%2Fwp%2Fv2%2Fcomments&post=69"}],"version-history":[{"count":3,"href":"https:\/\/www.heckhausen-der-ruhestandsplaner.de\/index.php?rest_route=\/wp\/v2\/pages\/69\/revisions"}],"predecessor-version":[{"id":102,"href":"https:\/\/www.heckhausen-der-ruhestandsplaner.de\/index.php?rest_route=\/wp\/v2\/pages\/69\/revisions\/102"}],"wp:attachment":[{"href":"https:\/\/www.heckhausen-der-ruhestandsplaner.de\/index.php?rest_route=%2Fwp%2Fv2%2Fmedia&parent=69"}],"curies":[{"name":"wp","href":"https:\/\/api.w.org\/{rel}","templated":true}]}}