{"id":61,"date":"2016-05-03T15:14:36","date_gmt":"2016-05-03T13:14:36","guid":{"rendered":"http:\/\/neu.heckhausen-der-ruhestandsplaner.de\/?page_id=61"},"modified":"2016-05-03T15:26:13","modified_gmt":"2016-05-03T13:26:13","slug":"onlineberatung-anfordern","status":"publish","type":"page","link":"https:\/\/www.heckhausen-der-ruhestandsplaner.de\/?page_id=61","title":{"rendered":"Onlineberatung anfordern"},"content":{"rendered":"<div id=\"c244\" class=\"csc-default\">\n<p class=\"bodytext\"><b>Online Beratung anfordern<br \/>\n<\/b>Um unseren Kunden die Ruhestandsberatung und den Beratungsvorgang zu erleichtern, setzen wir auf die modernen Kommunikationsmittel und -wege.<\/p>\n<p class=\"bodytext\">Eine Online-Beratung bringt Ihnen unter Anderem folgende Vorteile:<\/p>\n<ul>\n<li>geringerer Zeitaufwand<\/li>\n<li>keine Fahrtkosten<\/li>\n<li>kurzfristige und individuelle Beratungen<\/li>\n<li>\u00f6rtlich unabh\u00e4ngig (sofern Internet zur Verf\u00fcgung)<\/li>\n<\/ul>\n<\/div>\n<div id=\"c243\" class=\"csc-default\"><\/div>\n<div id=\"c242\" class=\"csc-default\">\n<p class=\"bodytext\">\n<div class=\"wpcf7 no-js\" id=\"wpcf7-f4-o1\" lang=\"de-DE\" dir=\"ltr\" data-wpcf7-id=\"4\">\n<div class=\"screen-reader-response\"><p role=\"status\" aria-live=\"polite\" aria-atomic=\"true\"><\/p> <ul><\/ul><\/div>\n<form action=\"\/index.php?rest_route=%2Fwp%2Fv2%2Fpages%2F61#wpcf7-f4-o1\" method=\"post\" class=\"wpcf7-form init\" aria-label=\"Kontaktformular\" novalidate=\"novalidate\" data-status=\"init\">\n<fieldset class=\"hidden-fields-container\"><input type=\"hidden\" name=\"_wpcf7\" value=\"4\" \/><input type=\"hidden\" name=\"_wpcf7_version\" value=\"6.1.5\" \/><input type=\"hidden\" name=\"_wpcf7_locale\" value=\"de_DE\" \/><input type=\"hidden\" name=\"_wpcf7_unit_tag\" value=\"wpcf7-f4-o1\" \/><input type=\"hidden\" name=\"_wpcf7_container_post\" value=\"0\" \/><input type=\"hidden\" name=\"_wpcf7_posted_data_hash\" value=\"\" \/>\n<\/fieldset>\n<p>Ihr Name (Pflichtfeld)\n<\/p>\n<p><span class=\"wpcf7-form-control-wrap\" data-name=\"your-name\"><input size=\"40\" maxlength=\"400\" class=\"wpcf7-form-control wpcf7-text wpcf7-validates-as-required\" aria-required=\"true\" aria-invalid=\"false\" value=\"\" type=\"text\" name=\"your-name\" \/><\/span>\n<\/p>\n<p>Ihre E-Mail-Adresse (Pflichtfeld)\n<\/p>\n<p><span class=\"wpcf7-form-control-wrap\" data-name=\"your-email\"><input size=\"40\" maxlength=\"400\" class=\"wpcf7-form-control wpcf7-email wpcf7-validates-as-required wpcf7-text wpcf7-validates-as-email\" aria-required=\"true\" aria-invalid=\"false\" value=\"\" type=\"email\" name=\"your-email\" \/><\/span>\n<\/p>\n<p>Betreff\n<\/p>\n<p><span class=\"wpcf7-form-control-wrap\" data-name=\"your-subject\"><input size=\"40\" maxlength=\"400\" class=\"wpcf7-form-control wpcf7-text\" aria-invalid=\"false\" value=\"\" type=\"text\" name=\"your-subject\" \/><\/span>\n<\/p>\n<p>Ihre Nachricht\n<\/p>\n<p><span class=\"wpcf7-form-control-wrap\" data-name=\"your-message\"><textarea cols=\"40\" rows=\"10\" maxlength=\"2000\" class=\"wpcf7-form-control wpcf7-textarea\" aria-invalid=\"false\" name=\"your-message\"><\/textarea><\/span>\n<\/p>\n<p><input class=\"wpcf7-form-control wpcf7-submit has-spinner\" type=\"submit\" value=\"Senden\" \/>\n<\/p><div class=\"wpcf7-response-output\" aria-hidden=\"true\"><\/div>\n<\/form>\n<\/div>\n<\/p>\n<\/div>\n<div id=\"c241\" class=\"csc-default\">\n<h1><\/h1>\n<p class=\"bodytext\"><img loading=\"lazy\" decoding=\"async\" src=\"http:\/\/typo31.netbase-datentechnik.de\/uploads\/RTEmagicC_RTEmagicC_csn_01_gif.gif.gif\" alt=\"\" width=\"75\" height=\"75\" \/>\u00a0<b><a class=\"external-link-new-window\" href=\"https:\/\/csn.konferenzstart.de\/\" target=\"_blank\"><img decoding=\"async\" src=\"http:\/\/typo31.netbase-datentechnik.de\/typo3\/sysext\/rtehtmlarea\/res\/accessibilityicons\/img\/external_link_new_window.gif\" alt=\"\u00d6ffnet externen Link in neuem Fenster\" \/>Hier<\/a><\/b><span class=\"Apple-converted-space\">\u00a0<\/span>gelangen Sie zu unserem Online-Beratungstool<\/p>\n<\/div>\n","protected":false},"excerpt":{"rendered":"<p>Online Beratung anfordern Um unseren Kunden die Ruhestandsberatung und den Beratungsvorgang zu erleichtern, setzen wir auf die modernen Kommunikationsmittel und -wege. Eine Online-Beratung bringt Ihnen unter Anderem folgende Vorteile: geringerer Zeitaufwand keine Fahrtkosten kurzfristige und individuelle Beratungen \u00f6rtlich unabh\u00e4ngig (sofern Internet zur Verf\u00fcgung) \u00a0Hier\u00a0gelangen Sie zu unserem Online-Beratungstool<\/p>\n","protected":false},"author":1,"featured_media":0,"parent":0,"menu_order":0,"comment_status":"closed","ping_status":"closed","template":"","meta":{"footnotes":""},"class_list":["post-61","page","type-page","status-publish"],"_links":{"self":[{"href":"https:\/\/www.heckhausen-der-ruhestandsplaner.de\/index.php?rest_route=\/wp\/v2\/pages\/61","targetHints":{"allow":["GET"]}}],"collection":[{"href":"https:\/\/www.heckhausen-der-ruhestandsplaner.de\/index.php?rest_route=\/wp\/v2\/pages"}],"about":[{"href":"https:\/\/www.heckhausen-der-ruhestandsplaner.de\/index.php?rest_route=\/wp\/v2\/types\/page"}],"author":[{"embeddable":true,"href":"https:\/\/www.heckhausen-der-ruhestandsplaner.de\/index.php?rest_route=\/wp\/v2\/users\/1"}],"replies":[{"embeddable":true,"href":"https:\/\/www.heckhausen-der-ruhestandsplaner.de\/index.php?rest_route=%2Fwp%2Fv2%2Fcomments&post=61"}],"version-history":[{"count":2,"href":"https:\/\/www.heckhausen-der-ruhestandsplaner.de\/index.php?rest_route=\/wp\/v2\/pages\/61\/revisions"}],"predecessor-version":[{"id":75,"href":"https:\/\/www.heckhausen-der-ruhestandsplaner.de\/index.php?rest_route=\/wp\/v2\/pages\/61\/revisions\/75"}],"wp:attachment":[{"href":"https:\/\/www.heckhausen-der-ruhestandsplaner.de\/index.php?rest_route=%2Fwp%2Fv2%2Fmedia&parent=61"}],"curies":[{"name":"wp","href":"https:\/\/api.w.org\/{rel}","templated":true}]}}