{"id":54,"date":"2016-05-03T15:08:55","date_gmt":"2016-05-03T13:08:55","guid":{"rendered":"http:\/\/neu.heckhausen-der-ruhestandsplaner.de\/?page_id=54"},"modified":"2016-05-03T15:09:02","modified_gmt":"2016-05-03T13:09:02","slug":"steuerberater-info","status":"publish","type":"page","link":"https:\/\/www.heckhausen-der-ruhestandsplaner.de\/?page_id=54","title":{"rendered":"Steuerberater-Info"},"content":{"rendered":"<p><b><span style=\"font-family: Arial; font-size: small;\">Unser Angebot f\u00fcr Steuerberater<\/span><\/b><\/p>\n<p>Wir bieten Steuerberatern und Wirtschaftspr\u00fcfern Fachvortr\u00e4ge zu aktuellen Themen an, die ihre Kanzlei weiter nach vorn bringen. Hierf\u00fcr stellen wir Ihnen erstklassige Fach-Referenten zur Verf\u00fcgung.<span class=\"Apple-converted-space\">\u00a0<\/span><\/p>\n<p>Dar\u00fcber hinaus organisieren wir auch gern mit Ihnen gemeinsam Themenabende und Vortr\u00e4ge f\u00fcr Mandanten.<span class=\"Apple-converted-space\">\u00a0<\/span><\/p>\n<p>Gerne sprechen wir mit Ihnen \u00fcber unser Konzept &#8220; Der Ruhestandsplaner&#8220;, welches bereits von vielen Steuerberatern in deren Kanzlei f\u00fcr die Gesamtberatung Ihrer Mandanten umgesetzt wurde.<span class=\"Apple-converted-space\">\u00a0<\/span><\/p>\n<p>Nehmen Sie mit uns Kontakt auf und vereinbaren Sie einen pers\u00f6nlichen Gespr\u00e4chstermin gerne bei Ihnen oder in unserem B\u00fcro.<\/p>\n","protected":false},"excerpt":{"rendered":"<p>Unser Angebot f\u00fcr Steuerberater Wir bieten Steuerberatern und Wirtschaftspr\u00fcfern Fachvortr\u00e4ge zu aktuellen Themen an, die ihre Kanzlei weiter nach vorn bringen. Hierf\u00fcr stellen wir Ihnen erstklassige Fach-Referenten zur Verf\u00fcgung.\u00a0 Dar\u00fcber hinaus organisieren wir auch gern mit Ihnen gemeinsam Themenabende und Vortr\u00e4ge f\u00fcr Mandanten.\u00a0 Gerne sprechen wir mit Ihnen \u00fcber unser Konzept &#8220; Der Ruhestandsplaner&#8220;, welches &#8230; <a title=\"Steuerberater-Info\" class=\"read-more\" href=\"https:\/\/www.heckhausen-der-ruhestandsplaner.de\/?page_id=54\" aria-label=\"Mehr Informationen \u00fcber Steuerberater-Info\">Weiterlesen<\/a><\/p>\n","protected":false},"author":1,"featured_media":0,"parent":0,"menu_order":0,"comment_status":"closed","ping_status":"closed","template":"","meta":{"footnotes":""},"class_list":["post-54","page","type-page","status-publish"],"_links":{"self":[{"href":"https:\/\/www.heckhausen-der-ruhestandsplaner.de\/index.php?rest_route=\/wp\/v2\/pages\/54","targetHints":{"allow":["GET"]}}],"collection":[{"href":"https:\/\/www.heckhausen-der-ruhestandsplaner.de\/index.php?rest_route=\/wp\/v2\/pages"}],"about":[{"href":"https:\/\/www.heckhausen-der-ruhestandsplaner.de\/index.php?rest_route=\/wp\/v2\/types\/page"}],"author":[{"embeddable":true,"href":"https:\/\/www.heckhausen-der-ruhestandsplaner.de\/index.php?rest_route=\/wp\/v2\/users\/1"}],"replies":[{"embeddable":true,"href":"https:\/\/www.heckhausen-der-ruhestandsplaner.de\/index.php?rest_route=%2Fwp%2Fv2%2Fcomments&post=54"}],"version-history":[{"count":2,"href":"https:\/\/www.heckhausen-der-ruhestandsplaner.de\/index.php?rest_route=\/wp\/v2\/pages\/54\/revisions"}],"predecessor-version":[{"id":57,"href":"https:\/\/www.heckhausen-der-ruhestandsplaner.de\/index.php?rest_route=\/wp\/v2\/pages\/54\/revisions\/57"}],"wp:attachment":[{"href":"https:\/\/www.heckhausen-der-ruhestandsplaner.de\/index.php?rest_route=%2Fwp%2Fv2%2Fmedia&parent=54"}],"curies":[{"name":"wp","href":"https:\/\/api.w.org\/{rel}","templated":true}]}}