{"id":5,"date":"2016-05-03T14:36:18","date_gmt":"2016-05-03T12:36:18","guid":{"rendered":"http:\/\/neu.heckhausen-der-ruhestandsplaner.de\/?page_id=5"},"modified":"2017-05-12T10:50:45","modified_gmt":"2017-05-12T08:50:45","slug":"startseite","status":"publish","type":"page","link":"https:\/\/www.heckhausen-der-ruhestandsplaner.de\/","title":{"rendered":"Startseite"},"content":{"rendered":"<div id=\"c212\" class=\"csc-default\">\n<div id=\"c277\" class=\"csc-default\">\n<h3>Wollen Sie Ihren Ruhestand planen?<\/h3>\n<p class=\"bodytext\"><span style=\"font-family: Arial,sans-serif;\">Als Ruhestandsplaner ist\u00a0meine Verantwortung\u00a0die finanzielle Unabh\u00e4ngigkeit meiner Mandanten bis ins hohe Alter.\u00a0Ich arbeite dabei ausschlie\u00dflich in zwei Hauptbereichen:<\/span><\/p>\n<p class=\"bodytext\"><span style=\"font-family: Arial,sans-serif;\"><b>Verm\u00f6gensaufbau und Verm\u00f6genssicherung f\u00fcr Ihre unterschiedlichen Lebensphasen und f\u00fcr Ihren finanziell unabh\u00e4ngigen Ruhestand.<\/b><\/span><\/p>\n<p class=\"bodytext\"><span style=\"font-family: Arial,sans-serif;\">Die meisten Menschen haben f\u00fcr das Alter vorgesorgt. Mit Eigenheim, Versicherungen, Bankprodukten.\u00a0Experten rechnen damit, dass trotzdem ein sehr hoher Prozentsatz, gerade auch verm\u00f6gender Menschen in Deutschland, im Alter regelrecht verarmen werden.\u00a0Ich erm\u00f6gliche Ihnen, durch eine bis ins hohe Alter ermittelte Individualstrategie, den finanziell<span class=\"Apple-converted-space\">\u00a0<\/span><br \/>\nunabh\u00e4ngigen Ruhestand.<\/span><\/p>\n<p><span style=\"font-family: Arial,sans-serif;\"><b>Wollen Sie Ihren Ruhestand sicher planen?<br \/>\nWollen Sie Ihr Verm\u00f6gen im Alter sch\u00fctzen vor Inflation, Steuern und den Gefahren einer W\u00e4hrungsreform?<br \/>\nLassen Sie sich von mir beraten.<\/b><\/span><\/p>\n<\/div>\n<\/div>\n<div id=\"c919\" class=\"csc-default\">\n<p class=\"bodytext\">Besuchen Sie unser neu gestaltetes B\u00fcro, Sie sind herzlich eingeladen\u00a0<span class=\"Apple-converted-space\">\u00a0<\/span><a class=\"internal-link\" title=\"\u00d6ffnet internen Link im aktuellen Fenster\" href=\"https:\/\/www.heckhausen-der-ruhestandsplaner.de\/?page_id=84\">Anfahrt -&gt;&gt;<\/a><br \/>\nParkpl\u00e4tze sind auf der gegen\u00fcberliegenden Sportanlage ausreichend vorhanden.<\/p>\n<\/div>\n","protected":false},"excerpt":{"rendered":"<p>Wollen Sie Ihren Ruhestand planen? Als Ruhestandsplaner ist\u00a0meine Verantwortung\u00a0die finanzielle Unabh\u00e4ngigkeit meiner Mandanten bis ins hohe Alter.\u00a0Ich arbeite dabei ausschlie\u00dflich in zwei Hauptbereichen: Verm\u00f6gensaufbau und Verm\u00f6genssicherung f\u00fcr Ihre unterschiedlichen Lebensphasen und f\u00fcr Ihren finanziell unabh\u00e4ngigen Ruhestand. Die meisten Menschen haben f\u00fcr das Alter vorgesorgt. Mit Eigenheim, Versicherungen, Bankprodukten.\u00a0Experten rechnen damit, dass trotzdem ein sehr hoher &#8230; <a title=\"Startseite\" class=\"read-more\" href=\"https:\/\/www.heckhausen-der-ruhestandsplaner.de\/\" aria-label=\"Mehr Informationen \u00fcber Startseite\">Weiterlesen<\/a><\/p>\n","protected":false},"author":1,"featured_media":0,"parent":0,"menu_order":0,"comment_status":"closed","ping_status":"closed","template":"","meta":{"footnotes":""},"class_list":["post-5","page","type-page","status-publish"],"_links":{"self":[{"href":"https:\/\/www.heckhausen-der-ruhestandsplaner.de\/index.php?rest_route=\/wp\/v2\/pages\/5","targetHints":{"allow":["GET"]}}],"collection":[{"href":"https:\/\/www.heckhausen-der-ruhestandsplaner.de\/index.php?rest_route=\/wp\/v2\/pages"}],"about":[{"href":"https:\/\/www.heckhausen-der-ruhestandsplaner.de\/index.php?rest_route=\/wp\/v2\/types\/page"}],"author":[{"embeddable":true,"href":"https:\/\/www.heckhausen-der-ruhestandsplaner.de\/index.php?rest_route=\/wp\/v2\/users\/1"}],"replies":[{"embeddable":true,"href":"https:\/\/www.heckhausen-der-ruhestandsplaner.de\/index.php?rest_route=%2Fwp%2Fv2%2Fcomments&post=5"}],"version-history":[{"count":4,"href":"https:\/\/www.heckhausen-der-ruhestandsplaner.de\/index.php?rest_route=\/wp\/v2\/pages\/5\/revisions"}],"predecessor-version":[{"id":95,"href":"https:\/\/www.heckhausen-der-ruhestandsplaner.de\/index.php?rest_route=\/wp\/v2\/pages\/5\/revisions\/95"}],"wp:attachment":[{"href":"https:\/\/www.heckhausen-der-ruhestandsplaner.de\/index.php?rest_route=%2Fwp%2Fv2%2Fmedia&parent=5"}],"curies":[{"name":"wp","href":"https:\/\/api.w.org\/{rel}","templated":true}]}}