{"id":20,"date":"2016-05-03T14:44:47","date_gmt":"2016-05-03T12:44:47","guid":{"rendered":"http:\/\/neu.heckhausen-der-ruhestandsplaner.de\/?page_id=20"},"modified":"2016-05-03T14:49:25","modified_gmt":"2016-05-03T12:49:25","slug":"beachtenswerte-punkte","status":"publish","type":"page","link":"https:\/\/www.heckhausen-der-ruhestandsplaner.de\/?page_id=20","title":{"rendered":"Beachtenswerte Punkte"},"content":{"rendered":"<h3>Achten Sie in Ihrer Ruhestandsplanung auf folgende Punkte<\/h3>\n<ol>\n<li><span style=\"font-family: Arial,sans-serif;\">Die meisten Menschen wollen verst\u00e4ndlicherweise gr\u00f6\u00dftm\u00f6gliche Sicherheit und \u00fcbersehen dabei, dass Inflation und Steuer langfristig die Kaufkraft ihres Verm\u00f6gens zerst\u00f6ren.<\/span><\/li>\n<li><span style=\"font-family: Arial,sans-serif;\">Falsche oder zu geringe Verm\u00f6gensstreuung erh\u00f6ht die Risiken.<\/span><\/li>\n<li><span style=\"font-family: Arial,sans-serif;\">Keine \u00dcberwachung und Regulierung der Verm\u00f6gensstreuung erh\u00f6ht die Risiken<\/span><\/li>\n<li><span style=\"font-family: Arial,sans-serif;\">Der tats\u00e4chlich ben\u00f6tigte Kapitalbedarf ist fast immer gr\u00f6\u00dfer als bef\u00fcrchtet.<\/span><\/li>\n<li><span style=\"font-family: Arial,sans-serif;\">Es wird nicht diszipliniert und zu wenig Verm\u00f6gen aufgebaut, obwohl dies in der Regel m\u00f6glich ist.<\/span><\/li>\n<li><span style=\"font-family: Arial,sans-serif;\">Verlassen Sie sich nicht auf den Staat. Bedenken Sie, die geburtenstarken Jahrg\u00e4nge kommen ins Rentenalter. Die Beitragszahler werden weniger.\u00a0 &#8222;Googeln&#8220; Sie mal nach, was das bedeuten wird f\u00fcr realistische Rentenh\u00f6hen, Pflege\/Krankenkosten, fallende Immobilienpreise.<\/span><\/li>\n<\/ol>\n","protected":false},"excerpt":{"rendered":"<p>Achten Sie in Ihrer Ruhestandsplanung auf folgende Punkte Die meisten Menschen wollen verst\u00e4ndlicherweise gr\u00f6\u00dftm\u00f6gliche Sicherheit und \u00fcbersehen dabei, dass Inflation und Steuer langfristig die Kaufkraft ihres Verm\u00f6gens zerst\u00f6ren. Falsche oder zu geringe Verm\u00f6gensstreuung erh\u00f6ht die Risiken. Keine \u00dcberwachung und Regulierung der Verm\u00f6gensstreuung erh\u00f6ht die Risiken Der tats\u00e4chlich ben\u00f6tigte Kapitalbedarf ist fast immer gr\u00f6\u00dfer als bef\u00fcrchtet. &#8230; <a title=\"Beachtenswerte Punkte\" class=\"read-more\" href=\"https:\/\/www.heckhausen-der-ruhestandsplaner.de\/?page_id=20\" aria-label=\"Mehr Informationen \u00fcber Beachtenswerte Punkte\">Weiterlesen<\/a><\/p>\n","protected":false},"author":1,"featured_media":0,"parent":0,"menu_order":0,"comment_status":"closed","ping_status":"closed","template":"","meta":{"footnotes":""},"class_list":["post-20","page","type-page","status-publish"],"_links":{"self":[{"href":"https:\/\/www.heckhausen-der-ruhestandsplaner.de\/index.php?rest_route=\/wp\/v2\/pages\/20","targetHints":{"allow":["GET"]}}],"collection":[{"href":"https:\/\/www.heckhausen-der-ruhestandsplaner.de\/index.php?rest_route=\/wp\/v2\/pages"}],"about":[{"href":"https:\/\/www.heckhausen-der-ruhestandsplaner.de\/index.php?rest_route=\/wp\/v2\/types\/page"}],"author":[{"embeddable":true,"href":"https:\/\/www.heckhausen-der-ruhestandsplaner.de\/index.php?rest_route=\/wp\/v2\/users\/1"}],"replies":[{"embeddable":true,"href":"https:\/\/www.heckhausen-der-ruhestandsplaner.de\/index.php?rest_route=%2Fwp%2Fv2%2Fcomments&post=20"}],"version-history":[{"count":1,"href":"https:\/\/www.heckhausen-der-ruhestandsplaner.de\/index.php?rest_route=\/wp\/v2\/pages\/20\/revisions"}],"predecessor-version":[{"id":22,"href":"https:\/\/www.heckhausen-der-ruhestandsplaner.de\/index.php?rest_route=\/wp\/v2\/pages\/20\/revisions\/22"}],"wp:attachment":[{"href":"https:\/\/www.heckhausen-der-ruhestandsplaner.de\/index.php?rest_route=%2Fwp%2Fv2%2Fmedia&parent=20"}],"curies":[{"name":"wp","href":"https:\/\/api.w.org\/{rel}","templated":true}]}}