{"id":17,"date":"2016-05-03T14:44:14","date_gmt":"2016-05-03T12:44:14","guid":{"rendered":"http:\/\/neu.heckhausen-der-ruhestandsplaner.de\/?page_id=17"},"modified":"2016-05-03T14:49:39","modified_gmt":"2016-05-03T12:49:39","slug":"fragen-antworten","status":"publish","type":"page","link":"https:\/\/www.heckhausen-der-ruhestandsplaner.de\/?page_id=17","title":{"rendered":"Fragen \/ Antworten"},"content":{"rendered":"<h3>Diese Fragen beantworte ich Ihnen:<\/h3>\n<ol>\n<li><span style=\"font-family: Arial,sans-serif;\">Welche individuell notwendige Rendite m\u00fcssen Sie nach Steuer erzielen, welches individuell notwendige Ruhestandsverm\u00f6gen m\u00fcssen Sie aufbauen, um bis ins hohe Alter inflationsbereinigt ausreichend versorgt zu sein?<\/span><\/li>\n<li><span style=\"font-family: Arial,sans-serif;\">Welche individuell notwendige Sparrate m\u00fcssen Sie kalkulieren?<\/span><\/li>\n<li><span style=\"font-family: Arial,sans-serif;\">Ist Ihre bisherige Vorsorge verantwortungsbewusst und richtig kalkuliert?<\/span><\/li>\n<li><span style=\"font-family: Arial,sans-serif;\">Welche staatlichen F\u00f6rderungen k\u00f6nnen Sie f\u00fcr Ihre Ruhestandsplanung erhalten?<\/span><\/li>\n<li><span style=\"font-family: Arial,sans-serif;\">Wie nutzen Sie m\u00f6gliche Steuervorteile f\u00fcr die Ruhestandsplanung?*<\/span><\/li>\n<li><span style=\"font-family: Arial,sans-serif;\">Welche Risiken kann\/wird es geben?<\/span><\/li>\n<li><span style=\"font-family: Arial,sans-serif;\">Wie sichern Sie Ihr Verm\u00f6gen vor einer m\u00f6glichen W\u00e4hrungsreform?<br \/>\n<span style=\"font-size: xx-small;\">*keine Steuerberatung<\/span><\/span><\/li>\n<\/ol>\n<p class=\"bodytext\"><span style=\"font-family: Arial,sans-serif;\"><strong>Die Kosten<\/strong><\/span><\/p>\n<p>Die Information \u00fcber\u00a0meine T\u00e4tigkeit ist kostenlos. Im Falle einer Mandats\u00fcbernahme garantiere ich, wie gesetzlich vorgeschrieben, hundertprozentige Kostentransparenz.<\/p>\n<p class=\"bodytext\"><strong><span style=\"font-family: Arial,sans-serif;\">Das kann und will\u00a0ich nicht.<\/span><\/strong><\/p>\n<ul>\n<li><span style=\"font-family: Arial,sans-serif;\">Ich bin\u00a0ausschlie\u00dflich f\u00fcr die Ruhestandsplanung spezialisiert und t\u00e4tig.<\/span><\/li>\n<li><span style=\"font-family: Arial,sans-serif;\">Ich habe\u00a0und will somit keinen Bauchladen an Finanzprodukten anbieten.<\/span><\/li>\n<li><span style=\"font-family: Arial,sans-serif;\">Ich\u00a0spekuliere nicht mit hoch riskanten Produktl\u00f6sungen.<\/span><\/li>\n<li><span style=\"font-family: Arial,sans-serif;\">Ich\u00a0vermeide, wo es geht, die Einschr\u00e4nkung der jederzeitigen Liquidit\u00e4t.<\/span><\/li>\n<\/ul>\n","protected":false},"excerpt":{"rendered":"<p>Diese Fragen beantworte ich Ihnen: Welche individuell notwendige Rendite m\u00fcssen Sie nach Steuer erzielen, welches individuell notwendige Ruhestandsverm\u00f6gen m\u00fcssen Sie aufbauen, um bis ins hohe Alter inflationsbereinigt ausreichend versorgt zu sein? Welche individuell notwendige Sparrate m\u00fcssen Sie kalkulieren? Ist Ihre bisherige Vorsorge verantwortungsbewusst und richtig kalkuliert? Welche staatlichen F\u00f6rderungen k\u00f6nnen Sie f\u00fcr Ihre Ruhestandsplanung erhalten? &#8230; <a title=\"Fragen \/ Antworten\" class=\"read-more\" href=\"https:\/\/www.heckhausen-der-ruhestandsplaner.de\/?page_id=17\" aria-label=\"Mehr Informationen \u00fcber Fragen \/ Antworten\">Weiterlesen<\/a><\/p>\n","protected":false},"author":1,"featured_media":0,"parent":0,"menu_order":0,"comment_status":"closed","ping_status":"closed","template":"","meta":{"footnotes":""},"class_list":["post-17","page","type-page","status-publish"],"_links":{"self":[{"href":"https:\/\/www.heckhausen-der-ruhestandsplaner.de\/index.php?rest_route=\/wp\/v2\/pages\/17","targetHints":{"allow":["GET"]}}],"collection":[{"href":"https:\/\/www.heckhausen-der-ruhestandsplaner.de\/index.php?rest_route=\/wp\/v2\/pages"}],"about":[{"href":"https:\/\/www.heckhausen-der-ruhestandsplaner.de\/index.php?rest_route=\/wp\/v2\/types\/page"}],"author":[{"embeddable":true,"href":"https:\/\/www.heckhausen-der-ruhestandsplaner.de\/index.php?rest_route=\/wp\/v2\/users\/1"}],"replies":[{"embeddable":true,"href":"https:\/\/www.heckhausen-der-ruhestandsplaner.de\/index.php?rest_route=%2Fwp%2Fv2%2Fcomments&post=17"}],"version-history":[{"count":2,"href":"https:\/\/www.heckhausen-der-ruhestandsplaner.de\/index.php?rest_route=\/wp\/v2\/pages\/17\/revisions"}],"predecessor-version":[{"id":28,"href":"https:\/\/www.heckhausen-der-ruhestandsplaner.de\/index.php?rest_route=\/wp\/v2\/pages\/17\/revisions\/28"}],"wp:attachment":[{"href":"https:\/\/www.heckhausen-der-ruhestandsplaner.de\/index.php?rest_route=%2Fwp%2Fv2%2Fmedia&parent=17"}],"curies":[{"name":"wp","href":"https:\/\/api.w.org\/{rel}","templated":true}]}}