{"id":14,"date":"2016-05-03T14:43:35","date_gmt":"2016-05-03T12:43:35","guid":{"rendered":"http:\/\/neu.heckhausen-der-ruhestandsplaner.de\/?page_id=14"},"modified":"2016-05-03T15:32:26","modified_gmt":"2016-05-03T13:32:26","slug":"leistungen","status":"publish","type":"page","link":"https:\/\/www.heckhausen-der-ruhestandsplaner.de\/?page_id=14","title":{"rendered":"Leistungen"},"content":{"rendered":"<h3>Die Leistungen der\u00a0Ruhestandsplaner<\/h3>\n<p class=\"bodytext\"><span style=\"font-family: Arial,sans-serif;\">Meine\u00a0Leistungen\u00a0sind ausschlie\u00dflich und speziell f\u00fcr ein einziges Ziel entwickelt, f\u00fcr Ihre finanzielle Freiheit im Alter.<\/span><\/p>\n<ul>\n<li><span style=\"font-family: Arial,sans-serif;\">Ruhestandsplanung, Ruhestandsbilanz<\/span><\/li>\n<li><span style=\"font-family: Arial,sans-serif;\">Verm\u00f6gensaufbau f\u00fcr Aktiv- und Ruhestandsphase*<\/span><\/li>\n<li><span style=\"font-family: Arial,sans-serif;\">Verm\u00f6genssicherung f\u00fcr Aktiv- und Ruhestandsphase<\/span><\/li>\n<li><span style=\"font-family: Arial,sans-serif;\">Existentielle Sicherung f\u00fcr Aktiv- und Ruhestandsphase<\/span><\/li>\n<li><span style=\"font-family: Arial,sans-serif;\">Staatliche F\u00f6rderungen f\u00fcr die Ruhestandsplanung<\/span><\/li>\n<li><span style=\"font-family: Arial,sans-serif;\">Sicherung Ihres Ruhestandsverm\u00f6gens vor W\u00e4hrungsreform, Inflation und Steuer<\/span><\/li>\n<li><span style=\"font-family: Arial,sans-serif;\">Heilung von privater Altersvorsorge<\/span><\/li>\n<li><span style=\"font-family: Arial,sans-serif;\">Heilung von Pensionszusagen und BAV<\/span><\/li>\n<\/ul>\n<p class=\"bodytext\"><span style=\"font-family: Arial,sans-serif; font-size: xx-small;\">*Die Aktivphase ist Ihre Lebenszeit vor dem Ruhestand. Auch hier brauchen Sie immer wieder Kapital f\u00fcr Ihre Ziele. In der Ruhestandsphase wollen Sie viele Jahre ruhig, sicher und finanziell frei die Fr\u00fcchte Ihrer Arbeit genie\u00dfen k\u00f6nnen.<\/span><\/p>\n<p class=\"bodytext\"><span style=\"font-family: Arial,sans-serif;\">Daf\u00fcr begleite\u00a0ich Sie langfristig und von Anfang an zuverl\u00e4ssig.<br \/>\nDaf\u00fcr \u00fcbernehme ich\u00a0Verantwortung!<\/span><\/p>\n","protected":false},"excerpt":{"rendered":"<p>Die Leistungen der\u00a0Ruhestandsplaner Meine\u00a0Leistungen\u00a0sind ausschlie\u00dflich und speziell f\u00fcr ein einziges Ziel entwickelt, f\u00fcr Ihre finanzielle Freiheit im Alter. Ruhestandsplanung, Ruhestandsbilanz Verm\u00f6gensaufbau f\u00fcr Aktiv- und Ruhestandsphase* Verm\u00f6genssicherung f\u00fcr Aktiv- und Ruhestandsphase Existentielle Sicherung f\u00fcr Aktiv- und Ruhestandsphase Staatliche F\u00f6rderungen f\u00fcr die Ruhestandsplanung Sicherung Ihres Ruhestandsverm\u00f6gens vor W\u00e4hrungsreform, Inflation und Steuer Heilung von privater Altersvorsorge Heilung von &#8230; <a title=\"Leistungen\" class=\"read-more\" href=\"https:\/\/www.heckhausen-der-ruhestandsplaner.de\/?page_id=14\" aria-label=\"Mehr Informationen \u00fcber Leistungen\">Weiterlesen<\/a><\/p>\n","protected":false},"author":1,"featured_media":0,"parent":0,"menu_order":0,"comment_status":"closed","ping_status":"closed","template":"","meta":{"footnotes":""},"class_list":["post-14","page","type-page","status-publish"],"_links":{"self":[{"href":"https:\/\/www.heckhausen-der-ruhestandsplaner.de\/index.php?rest_route=\/wp\/v2\/pages\/14","targetHints":{"allow":["GET"]}}],"collection":[{"href":"https:\/\/www.heckhausen-der-ruhestandsplaner.de\/index.php?rest_route=\/wp\/v2\/pages"}],"about":[{"href":"https:\/\/www.heckhausen-der-ruhestandsplaner.de\/index.php?rest_route=\/wp\/v2\/types\/page"}],"author":[{"embeddable":true,"href":"https:\/\/www.heckhausen-der-ruhestandsplaner.de\/index.php?rest_route=\/wp\/v2\/users\/1"}],"replies":[{"embeddable":true,"href":"https:\/\/www.heckhausen-der-ruhestandsplaner.de\/index.php?rest_route=%2Fwp%2Fv2%2Fcomments&post=14"}],"version-history":[{"count":2,"href":"https:\/\/www.heckhausen-der-ruhestandsplaner.de\/index.php?rest_route=\/wp\/v2\/pages\/14\/revisions"}],"predecessor-version":[{"id":80,"href":"https:\/\/www.heckhausen-der-ruhestandsplaner.de\/index.php?rest_route=\/wp\/v2\/pages\/14\/revisions\/80"}],"wp:attachment":[{"href":"https:\/\/www.heckhausen-der-ruhestandsplaner.de\/index.php?rest_route=%2Fwp%2Fv2%2Fmedia&parent=14"}],"curies":[{"name":"wp","href":"https:\/\/api.w.org\/{rel}","templated":true}]}}