{"id":11,"date":"2016-05-03T14:42:58","date_gmt":"2016-05-03T12:42:58","guid":{"rendered":"http:\/\/neu.heckhausen-der-ruhestandsplaner.de\/?page_id=11"},"modified":"2016-05-03T14:49:12","modified_gmt":"2016-05-03T12:49:12","slug":"ausgangssituation","status":"publish","type":"page","link":"https:\/\/www.heckhausen-der-ruhestandsplaner.de\/?page_id=11","title":{"rendered":"Ausgangssituation"},"content":{"rendered":"<h3>Ursachen und Gr\u00fcnde<\/h3>\n<p class=\"bodytext\"><span style=\"font-family: Arial,sans-serif;\">Die meisten Menschen haben ein Eigenheim oder\/und\u00a0besitzen Finanz- oder sonstige Bankprodukte.\u00a0Bei den meisten bestehenden Angeboten der Banken, der Finanzberater und der Versicherer, bleiben in der Beratung und beim Abschluss folgende drei, finanziell nahezu \u00fcberlebenswichtigen Punkte unbehandelt.<\/span><\/p>\n<ol>\n<li><span style=\"font-family: Arial,sans-serif;\"><span style=\"font-family: Arial,sans-serif;\"><strong>Falsche Laufzeitberechnung<\/strong><br \/>\nDie zugrunde liegenden Angebote und Berechnungen enden meist mit der im Alter von 67 Jahren wahrscheinlich erreichten Rente oder der voraussichtlichen Kapitalauszahlung zu diesem Zeitpunkt. Wie lange jedoch dieses Geld eine ausreichende Rente erm\u00f6glicht, bleibt unbehandelt. Das Langlebigkeitsrisiko wird verschwiegen. Dabei ist dies die wichtigste aller Fragen: &#8222;Wie lange reicht dieses Geld eigentlich, nach Inflation und Steuern?&#8220;<\/span><\/span>&nbsp;<\/li>\n<li><span style=\"font-family: Arial,sans-serif;\"><span style=\"font-family: Arial,sans-serif;\"><strong>Inflation und Steuern vernichten Ihre Rente<br \/>\n<\/strong>Die kalkulierten Renten werden im Laufe der Zeit durch die m\u00f6gliche Inflation und die zu bezahlenden Steuern immer weniger reale Kaufkraft bringen und oftmals bis hin zu heutigem Hartz IV Niveau sinken. Die Klienten werden zu einem relativ leicht berechenbaren Zeitpunkt verarmen und ein pers\u00f6nliches Desaster erleben.<\/span><\/span>&nbsp;<\/li>\n<li><span style=\"font-family: Arial,sans-serif;\"><strong>Nicht ausreichend kalkulierte Mehrausgaben im Alter<br \/>\n<\/strong>Dar\u00fcber hinaus ber\u00fccksichtigen die meisten Anleger im Verm\u00f6gensaufbau nicht ausreichend den langfristig immer wieder zus\u00e4tzlich bestehenden und wachsenden Kapitalbedarf.<\/span><\/li>\n<\/ol>\n<ul dir=\"ltr\">\n<ul>\n<li><span style=\"font-family: Arial,sans-serif;\">Erhaltungsaufwand f\u00fcr das Eigenheim: Reparatur, Instandhaltung, neues Dach, Heizung, Fenster, Installationen, usw.<\/span><\/li>\n<li><span style=\"font-family: Arial,sans-serif;\">Wachsender Aufwand f\u00fcr Lebensqualit\u00e4t, Reisen, Hobbys, Golfen, usw.<\/span><\/li>\n<li><span style=\"font-family: Arial,sans-serif;\">Ein Auto (Mobilit\u00e4t, Erhaltung der Unabh\u00e4ngigkeit), alle 5 bis 10 Jahre<\/span><\/li>\n<li><span style=\"font-family: Arial,sans-serif;\">Bedarf an neuen M\u00f6beln, K\u00fcche, Wohnzimmer, Schlafzimmer, sonstige neue Einrichtungen<\/span><\/li>\n<li><span style=\"font-family: Arial,sans-serif;\">Zuk\u00fcnftig anfallende Zusch\u00fcsse f\u00fcr Kinder- und Enkelkinder<\/span><\/li>\n<li><span style=\"font-family: Arial,sans-serif;\">Pflege- und Gesundheitskosten.<\/span><\/li>\n<\/ul>\n<\/ul>\n","protected":false},"excerpt":{"rendered":"<p>Ursachen und Gr\u00fcnde Die meisten Menschen haben ein Eigenheim oder\/und\u00a0besitzen Finanz- oder sonstige Bankprodukte.\u00a0Bei den meisten bestehenden Angeboten der Banken, der Finanzberater und der Versicherer, bleiben in der Beratung und beim Abschluss folgende drei, finanziell nahezu \u00fcberlebenswichtigen Punkte unbehandelt. Falsche Laufzeitberechnung Die zugrunde liegenden Angebote und Berechnungen enden meist mit der im Alter von 67 &#8230; <a title=\"Ausgangssituation\" class=\"read-more\" href=\"https:\/\/www.heckhausen-der-ruhestandsplaner.de\/?page_id=11\" aria-label=\"Mehr Informationen \u00fcber Ausgangssituation\">Weiterlesen<\/a><\/p>\n","protected":false},"author":1,"featured_media":0,"parent":0,"menu_order":0,"comment_status":"closed","ping_status":"closed","template":"","meta":{"footnotes":""},"class_list":["post-11","page","type-page","status-publish"],"_links":{"self":[{"href":"https:\/\/www.heckhausen-der-ruhestandsplaner.de\/index.php?rest_route=\/wp\/v2\/pages\/11","targetHints":{"allow":["GET"]}}],"collection":[{"href":"https:\/\/www.heckhausen-der-ruhestandsplaner.de\/index.php?rest_route=\/wp\/v2\/pages"}],"about":[{"href":"https:\/\/www.heckhausen-der-ruhestandsplaner.de\/index.php?rest_route=\/wp\/v2\/types\/page"}],"author":[{"embeddable":true,"href":"https:\/\/www.heckhausen-der-ruhestandsplaner.de\/index.php?rest_route=\/wp\/v2\/users\/1"}],"replies":[{"embeddable":true,"href":"https:\/\/www.heckhausen-der-ruhestandsplaner.de\/index.php?rest_route=%2Fwp%2Fv2%2Fcomments&post=11"}],"version-history":[{"count":2,"href":"https:\/\/www.heckhausen-der-ruhestandsplaner.de\/index.php?rest_route=\/wp\/v2\/pages\/11\/revisions"}],"predecessor-version":[{"id":27,"href":"https:\/\/www.heckhausen-der-ruhestandsplaner.de\/index.php?rest_route=\/wp\/v2\/pages\/11\/revisions\/27"}],"wp:attachment":[{"href":"https:\/\/www.heckhausen-der-ruhestandsplaner.de\/index.php?rest_route=%2Fwp%2Fv2%2Fmedia&parent=11"}],"curies":[{"name":"wp","href":"https:\/\/api.w.org\/{rel}","templated":true}]}}